{"id":69073,"date":"2021-01-05T12:41:28","date_gmt":"2021-01-05T20:41:28","guid":{"rendered":"https:\/\/ec2-34-221-119-146.us-west-2.compute.amazonaws.com\/product\/helios-to-triton-camera-mount\/"},"modified":"2022-10-27T14:47:44","modified_gmt":"2022-10-27T21:47:44","slug":"helios-to-triton-camera-mount","status":"publish","type":"product","link":"https:\/\/staging.thinklucid.com\/de\/product\/helios-to-triton-camera-mount\/","title":{"rendered":"Triton auf Helios\/Helios2 Kamera-Montage"},"content":{"rendered":"","protected":false},"excerpt":{"rendered":"<ol class=\"breadcrumb\" style=\"text-align: left;\">\n<li><a href=\"\/\">Home<\/a><\/li>\n<li><a href=\"\/de\/accessories\/\">Zubeh\u00f6r<\/a><\/li>\n<li><a href=\"\/de\/category\/tripod-adapter-de\">Stativadapter &amp; sonstiges Zubeh\u00f6r<\/a><\/li>\n<li>Triton auf Helios\/Helios2 Kamera-Montage <a href=\"\/de\/product\/triton2-tripod-adapter\/\" rel=\"prev\"><span class=\"screen-reader-text\">Triton2 Tripod Mount<\/span><svg viewBox=\"0 0 20 20\"><use xmlns:xlink=\"http:\/\/www.w3.org\/1999\/xlink\" xlink:href=\"#left-arrow\"><\/use><\/svg><\/a> <a href=\"\/de\/product\/phoenix-tripod-adapter\/\" rel=\"next\"><span class=\"screen-reader-text\">Phoenix Tripod Mount<\/span> <svg viewBox=\"0 0 20 20\"><use xmlns:xlink=\"http:\/\/www.w3.org\/1999\/xlink\" xlink:href=\"#right-arrow\"><\/use><\/svg>  <\/a> <\/li>\n<\/ol>\n<p style=\"text-align: left; font-size: 1.4rem;\">Mit der Helios2\/Helios zu Triton Kamerahalterung (HLT-TRI-MNT) k\u00f6nnen Sie eine Triton-Kamera ordnungsgem\u00e4\u00df an der Oberseite Ihrer Helios2- oder Helios-Kamera befestigen. Dies erm\u00f6glicht die engste Position f\u00fcr jede Kamera nebeneinander. Diese Halterung ist im Lieferumfang des <a href=\"\/de\/product\/rgb-3d-kit-triton-3-2mp-helios2-kit\/\">3D-RGB-Pakets enthalten<\/a>.<\/p>\n<div style=\"display: flex; justify-content: space-between; margin: 10px 0px 20px 0px;\">\n<table class=\"table table-hover table-striped\" style=\"border: none; float: left; width: 95%;\">\n<tbody>\n<tr>\n<th>Produkt umfasst:<\/th>\n<td style=\"text-align: left;\">Triton auf Helios\/Helios2 Kamera-Montage mit 8 Schrauben (4x M4 und 4x M3 mit Unterlegscheiben)<\/td>\n<\/tr>\n<\/tbody>\n<\/table>\n<\/div>\n","protected":false},"featured_media":66131,"template":"","meta":{"inline_featured_image":false},"product_brand":[],"product_cat":[700],"product_tag":[],"class_list":{"0":"post-69073","1":"product","2":"type-product","3":"status-publish","4":"has-post-thumbnail","6":"product_cat-tripod-adapter-de","8":"first","9":"instock","10":"taxable","11":"shipping-taxable","12":"purchasable","13":"product-type-simple","14":"layout-style-2","15":"col-md-4 col-sm-4 col-xs-6","16":"col-lg-2","17":"product-has-gallery","18":"product-style-addtocart"},"aioseo_notices":[],"_links":{"self":[{"href":"https:\/\/staging.thinklucid.com\/de\/wp-json\/wp\/v2\/product\/69073","targetHints":{"allow":["GET"]}}],"collection":[{"href":"https:\/\/staging.thinklucid.com\/de\/wp-json\/wp\/v2\/product"}],"about":[{"href":"https:\/\/staging.thinklucid.com\/de\/wp-json\/wp\/v2\/types\/product"}],"wp:featuredmedia":[{"embeddable":true,"href":"https:\/\/staging.thinklucid.com\/de\/wp-json\/wp\/v2\/media\/66131"}],"wp:attachment":[{"href":"https:\/\/staging.thinklucid.com\/de\/wp-json\/wp\/v2\/media?parent=69073"}],"wp:term":[{"taxonomy":"product_brand","embeddable":true,"href":"https:\/\/staging.thinklucid.com\/de\/wp-json\/wp\/v2\/product_brand?post=69073"},{"taxonomy":"product_cat","embeddable":true,"href":"https:\/\/staging.thinklucid.com\/de\/wp-json\/wp\/v2\/product_cat?post=69073"},{"taxonomy":"product_tag","embeddable":true,"href":"https:\/\/staging.thinklucid.com\/de\/wp-json\/wp\/v2\/product_tag?post=69073"}],"curies":[{"name":"wp","href":"https:\/\/api.w.org\/{rel}","templated":true}]}}