{"id":69068,"date":"2019-08-01T17:13:39","date_gmt":"2019-08-02T00:13:39","guid":{"rendered":"https:\/\/ec2-34-221-119-146.us-west-2.compute.amazonaws.com\/product\/tfl-mount-to-c-mount-adapter\/"},"modified":"2019-08-01T17:13:39","modified_gmt":"2019-08-02T00:13:39","slug":"tfl-mount-to-c-mount-adapter","status":"publish","type":"product","link":"https:\/\/staging.thinklucid.com\/de\/product\/tfl-mount-to-c-mount-adapter\/","title":{"rendered":"TFL-Mount auf C-Mount Objektiv-Adapter"},"content":{"rendered":"","protected":false},"excerpt":{"rendered":"<ol class=\"breadcrumb\" style=\"text-align: left;\">\n<li><a href=\"\/\">Home<\/a><\/li>\n<li><a href=\"\/de\/accessories\/\">Zubeh\u00f6r<\/a><\/li>\n<li><a href=\"\/de\/accessories\/#lens-adapter\">Objektiv-Adapter<\/a><\/li>\n<li>TFL-Mount auf C-Mount Objektiv-Adapter <a href=\"\/de\/product\/f-mount-lens-to-tfl-mount-adapter\/\" rel=\"prev\"><svg viewbox=\"0 0 20 20\"><use xmlns:xlink=\"http:\/\/www.w3.org\/1999\/xlink\" xlink:href=\"#left-arrow\"><\/use><\/svg><span class=\"screen-reader-text\">TFL-Mount to F-Mount Lens Adapter<\/span><\/a> <a href=\"\/de\/product\/c-mount-to-s-mount-m12-adapter\/\" rel=\"next\"><svg viewbox=\"0 0 20 20\"><use xmlns:xlink=\"http:\/\/www.w3.org\/1999\/xlink\" xlink:href=\"#right-arrow\"><\/use><\/svg><span class=\"screen-reader-text\">C-Mount to S-Mount Lens Adapter<\/span><\/a><\/li>\n<\/ol>\n<div style=\"margin: 25px 0 20px 0;\">Der TFL-Mount auf C-Mount Objektivadapter (PN: ADA-TFL-C) bietet einen Ganzmetall-Ringanschluss f\u00fcr C-Mount Objektive an der Atlas Kamera. Dies ist besonders n\u00fctzlich f\u00fcr diejenigen, die C-Mount-Objektive mit TLF-Mount-Atlas-Modellen verwenden m\u00f6chten, die 4\/3&#8243;-Sensoren haben. (PN:<a href=\"\/de\/product\/atlas-19-6-mp-imx367\/\"> ATL196S<\/a> und <a href=\"\/de\/product\/atlas-16-8-mp-imx387\/\">ATL168S<\/a>). Der Ring ist mit Stiftschl\u00fcssell\u00f6chern zum Festziehen und Entfernen ausgestattet.<\/div>\n","protected":false},"featured_media":30859,"template":"","meta":{"inline_featured_image":false},"product_brand":[],"product_cat":[745],"product_tag":[],"class_list":{"0":"post-69068","1":"product","2":"type-product","3":"status-publish","4":"has-post-thumbnail","6":"product_cat-lens-adapter-de","8":"first","9":"instock","10":"taxable","11":"shipping-taxable","12":"purchasable","13":"product-type-simple","14":"layout-style-2","15":"col-md-4 col-sm-4 col-xs-6","16":"col-lg-2","17":"product-has-gallery","18":"product-style-addtocart"},"aioseo_notices":[],"_links":{"self":[{"href":"https:\/\/staging.thinklucid.com\/de\/wp-json\/wp\/v2\/product\/69068","targetHints":{"allow":["GET"]}}],"collection":[{"href":"https:\/\/staging.thinklucid.com\/de\/wp-json\/wp\/v2\/product"}],"about":[{"href":"https:\/\/staging.thinklucid.com\/de\/wp-json\/wp\/v2\/types\/product"}],"wp:featuredmedia":[{"embeddable":true,"href":"https:\/\/staging.thinklucid.com\/de\/wp-json\/wp\/v2\/media\/30859"}],"wp:attachment":[{"href":"https:\/\/staging.thinklucid.com\/de\/wp-json\/wp\/v2\/media?parent=69068"}],"wp:term":[{"taxonomy":"product_brand","embeddable":true,"href":"https:\/\/staging.thinklucid.com\/de\/wp-json\/wp\/v2\/product_brand?post=69068"},{"taxonomy":"product_cat","embeddable":true,"href":"https:\/\/staging.thinklucid.com\/de\/wp-json\/wp\/v2\/product_cat?post=69068"},{"taxonomy":"product_tag","embeddable":true,"href":"https:\/\/staging.thinklucid.com\/de\/wp-json\/wp\/v2\/product_tag?post=69068"}],"curies":[{"name":"wp","href":"https:\/\/api.w.org\/{rel}","templated":true}]}}