{"id":68933,"date":"2018-01-02T22:46:59","date_gmt":"2018-01-03T06:46:59","guid":{"rendered":"https:\/\/ec2-34-221-119-146.us-west-2.compute.amazonaws.com\/product\/ethernet-cat6a-stp-patch-cable-4-6m-black-snagless\/"},"modified":"2021-02-08T22:13:03","modified_gmt":"2021-02-09T06:13:03","slug":"ethernet-cat6a-stp-patch-cable-4-6m-black-snagless","status":"publish","type":"product","link":"https:\/\/staging.thinklucid.com\/de\/product\/ethernet-cat6a-stp-patch-cable-4-6m-black-snagless\/","title":{"rendered":"Ethernet Cat6a STP Patch\u00adka\u00adbel &#8211; 4,5m, Schwarz, Rastnasenschutz"},"content":{"rendered":"","protected":false},"excerpt":{"rendered":"<ol class=\"breadcrumb\" style=\"text-align: left;\">\n<li><a href=\"\/\">Home<\/a><\/li>\n<li><a href=\"\/de\/accessories\/\">Zubeh\u00f6r<\/a><\/li>\n<li><a href=\"\/de\/category\/cables-de\/\">Kabel<\/a><\/li>\n<li>Ethernet Cat6a STP Patch\u00adka\u00adbel &#8211; 4,5m, Schwarz, Rastnasenschutz <a href=\"\/de\/product\/ethernet-cat6a-stp-patch-cable-2-1m-black-snagless\/\" rel=\"prev\"><span class=\"screen-reader-text\">Ethernet Cat6a STP Patch Cable \u2013 2.1m, Black, Snagless<\/span><svg viewbox=\"0 0 20 20\"><use xmlns:xlink=\"http:\/\/www.w3.org\/1999\/xlink\" xlink:href=\"#left-arrow\"><\/use><\/svg><\/a> <a href=\"\/de\/product\/m12-to-rj45-ip67-cat6a-cable-2m-dark-green\/\" rel=\"next\"><span class=\"screen-reader-text\">M12 to RJ45 IP67 Cat6a Cable \u2013 2.0m, Dark Green<\/span><svg viewbox=\"0 0 20 20\"><use xmlns:xlink=\"http:\/\/www.w3.org\/1999\/xlink\" xlink:href=\"#right-arrow\"><\/use><\/svg><\/a><\/li>\n<\/ol>\n<p style=\"text-align: left; font-size: 1.4rem; padding-top:15px\">Mit unseren geschirmten Cat6a-Kabeln werden durch den Schutz vor elektromagnetischen Interferenzen (EMI\/RFI) und Rauschen schnelle und zuverl\u00e4ssige Netzwerkverbindungen mit 10 Gigabit sichergestellt. Au\u00dferdem sind die RJ45-Anschl\u00fcsse nahtlos geformt, um Sch\u00e4den an den Anschlussclips und am Kabel zu vermeiden. Dadurch werden versehentliche Verbindungstrennungen und eine beeintr\u00e4chtigte Netzwerkleistung vermieden.<\/p>\n<p style=\"text-align: left; font-size: 1.4rem; color: black; padding-top:15px\"><strong>Spezifikationen<\/strong><\/p>\n<div style=\"display: flex; justify-content: space-between; margin: 10px 0px 20px 0px;\">\n<table class=\"table table-hover table-striped\" style=\"border: none; float: left; width: 95%;\">\n<tbody>\n<tr>\n<th style=\"width: 25%;\">Modell #<\/th>\n<td style=\"text-align: left;\">StarTech C6ASPAT15BK<\/td>\n<\/tr>\n<tr>\n<th>Verbindungstyp<\/th>\n<td style=\"text-align: left;\">RJ-45 male (both ends)<\/td>\n<\/tr>\n<tr>\n<th>Typ der Kabelummantelung<\/th>\n<td style=\"text-align: left;\">PVC &#8211; polyvinyl chloride<\/td>\n<\/tr>\n<tr>\n<th>Typ der Kabelabschirmung<\/th>\n<td style=\"text-align: left;\">Aluminium-Polyester-Folie<\/td>\n<\/tr>\n<tr>\n<th>Leitungstyp<\/th>\n<td style=\"text-align: left;\">Shielded snag-less, Feindr\u00e4htiges Kupfer<\/td>\n<\/tr>\n<tr>\n<th>Brandklasse<\/th>\n<td style=\"text-align: left;\">CMG rated (general purpose)<\/td>\n<\/tr>\n<tr>\n<th>Ka\u00adte\u00adgo\u00adrie<\/th>\n<td style=\"text-align: left;\">CAT6a &#8211; 10Gbit\/s<\/td>\n<\/tr>\n<tr>\n<th>Farbe<\/th>\n<td style=\"text-align: left;\">Schwarz<\/td>\n<\/tr>\n<tr>\n<th>L\u00e4nge<\/th>\n<td style=\"text-align: left;\">4,5 m (15 ft)<\/td>\n<\/tr>\n<tr>\n<th>Gewicht<\/th>\n<td style=\"text-align: left;\">190 g<\/td>\n<\/tr>\n<tr>\n<th>Anzahl von Leitern<\/th>\n<td style=\"text-align: left;\">4 Pair STP<\/td>\n<\/tr>\n<tr>\n<th>Drahtst\u00e4rke<\/th>\n<td style=\"text-align: left;\">26 AWG<\/td>\n<\/tr>\n<\/tbody>\n<\/table>\n<\/div>\n","protected":false},"featured_media":68937,"template":"","meta":{"inline_featured_image":false},"product_brand":[],"product_cat":[743],"product_tag":[],"class_list":{"0":"post-68933","1":"product","2":"type-product","3":"status-publish","4":"has-post-thumbnail","6":"product_cat-cables-de","8":"first","9":"instock","10":"taxable","11":"shipping-taxable","12":"purchasable","13":"product-type-simple","14":"layout-style-2","15":"col-md-4 col-sm-4 col-xs-6","16":"col-lg-2","17":"product-has-gallery","18":"product-style-addtocart"},"aioseo_notices":[],"_links":{"self":[{"href":"https:\/\/staging.thinklucid.com\/de\/wp-json\/wp\/v2\/product\/68933","targetHints":{"allow":["GET"]}}],"collection":[{"href":"https:\/\/staging.thinklucid.com\/de\/wp-json\/wp\/v2\/product"}],"about":[{"href":"https:\/\/staging.thinklucid.com\/de\/wp-json\/wp\/v2\/types\/product"}],"wp:featuredmedia":[{"embeddable":true,"href":"https:\/\/staging.thinklucid.com\/de\/wp-json\/wp\/v2\/media\/68937"}],"wp:attachment":[{"href":"https:\/\/staging.thinklucid.com\/de\/wp-json\/wp\/v2\/media?parent=68933"}],"wp:term":[{"taxonomy":"product_brand","embeddable":true,"href":"https:\/\/staging.thinklucid.com\/de\/wp-json\/wp\/v2\/product_brand?post=68933"},{"taxonomy":"product_cat","embeddable":true,"href":"https:\/\/staging.thinklucid.com\/de\/wp-json\/wp\/v2\/product_cat?post=68933"},{"taxonomy":"product_tag","embeddable":true,"href":"https:\/\/staging.thinklucid.com\/de\/wp-json\/wp\/v2\/product_tag?post=68933"}],"curies":[{"name":"wp","href":"https:\/\/api.w.org\/{rel}","templated":true}]}}