{"id":189723,"date":"2026-01-21T15:24:11","date_gmt":"2026-01-21T23:24:11","guid":{"rendered":"https:\/\/thinklucid.com\/?post_type=product&#038;p=189723"},"modified":"2026-01-21T15:30:17","modified_gmt":"2026-01-21T23:30:17","slug":"m12-gpio-17-pin-cable-right-angle-up-3-0m-amphenol","status":"publish","type":"product","link":"https:\/\/staging.thinklucid.com\/de\/product\/m12-gpio-17-pin-cable-right-angle-up-3-0m-amphenol\/","title":{"rendered":"M12 GPIO 17-pin Kable [Rechter Winkel, Aufw\u00e4rts] \u2013 3.0m (Amphenol)"},"content":{"rendered":"","protected":false},"excerpt":{"rendered":"<ol class=\"breadcrumb\" style=\"text-align: left;\">\n<li><a href=\"\/\">Home<\/a><\/li>\n<li><a href=\"https:\/\/staging.thinklucid.com\/de\/accessories\/\">Zubeh\u00f6r<\/a><\/li>\n<li><a href=\"https:\/\/staging.thinklucid.com\/de\/category\/cables-de\/\">Kabel<\/a><\/li>\n<li>M12 GPIO 17-pin Kable [Rechter Winkel, Aufw\u00e4rts] \u2013 3.0m (Amphenol) <a href=\"https:\/\/staging.thinklucid.com\/de\/product\/m8-gpio-8-pin-15m-cable\/\" rel=\"prev\"><span class=\"screen-reader-text\">M8 GPIO 8-pin 15,0m Kable<\/span><svg viewbox=\"0 0 20 20\"><use xmlns:xlink=\"http:\/\/www.w3.org\/1999\/xlink\" xlink:href=\"#left-arrow\"><\/use><\/svg><\/a> <a href=\"https:\/\/staging.thinklucid.com\/de\/product\/m8-gpio-8-pin-5-0m-cable-right-angle-down\/\" rel=\"next\"><span class=\"screen-reader-text\">M8 GPIO 8-pin Kable [Rechter Winkel, Abw\u00e4rts(Triton) \/ Aufw\u00e4rts(Atlas &#038; Helios)]-5m<\/span><svg viewbox=\"0 0 20 20\"><use xmlns:xlink=\"http:\/\/www.w3.org\/1999\/xlink\" xlink:href=\"#right-arrow\"><\/use><\/svg><\/a><\/li>\n<\/ol>\n<p style=\"text-align: left; font-size: 1.4rem; margin-top:10px\">Das 17-polige GPIO-Kabel (P\/N: GPIO-M12-3M-RA2-A) ist 3 m lang und an einem Ende mit einem 17-poligen M12-Steckverbinder ausgestattet. Das andere Ende ist auf 5 mm abisoliert und f\u00fcr das L\u00f6ten oder den direkten Anschluss an eine Klemmenleiste vorbereitet. Dieses rechtwinklige Kabel ist so ausgef\u00fchrt, dass es nach oben abgewinkelt ist. Kompatibel mit Kameras mit 17-poligen M12-GPIO-Anschl\u00fcssen. <strong><a style=\"color: #2782ad; text-align: left;\" href=\"https:\/\/staging.support.thinklucid.com\/app-note-using-gpio-on-lucid-cameras\/\">App Note: Verwendung von GPIO bei LUCID Kameras (GPIO-Pinbelegung, Funktionen und Triggersteuerung)<\/a><\/strong><\/p>\n<p style=\"text-align: left; font-size: 1.4rem; color: black;\"><strong>Spezifikationen<\/strong><\/p>\n<div style=\"display: flex; justify-content: space-between; margin: 10px 0px 20px 0px;\">\n<table class=\"table table-hover table-striped\" style=\"border: none; float: left; width: 95%;\">\n<tbody>\n<tr>\n<th style=\"width: 25%;\">Verbindungstyp<\/th>\n<td style=\"text-align: left;\">M12 Male Connector (IEC-61076-2-101)<\/td>\n<\/tr>\n<tr>\n<th>Schutzart (IP)<\/th>\n<td style=\"text-align: left;\">M12 connector is IP68<\/td>\n<\/tr>\n<tr>\n<th>L\u00e4nge<\/th>\n<td style=\"text-align: left;\"> 3,0m (9,84 ft)<\/td>\n<\/tr>\n<tr>\n<th>Gewicht<\/th>\n<td style=\"text-align: left;\"> 222g<\/td>\n<\/tr>\n<tr>\n<th>Verkabelung Layout<\/th>\n<td style=\"text-align: left;\">17 Dr\u00e4hte:<br \/>\nRot 1<br \/>\nBraun 2<br \/>\nOrange 3<br \/>\nLila 4<br \/>\nSchwarz 5<br \/>\nBlau 6<br \/>\nGelb 7<br \/>\nGr\u00fcn 8<br \/>\nRosa 9<br \/>\nGrau 10<br \/>\nWei\u00df 11<br \/>\nGr\u00fcn\/Wei\u00df 12<br \/>\nGelb\/Wei\u00df 13<br \/>\nBraun\/Wei\u00df 14<br \/>\nViolett\/Wei\u00df 15<br \/>\nGrau\/Wei\u00df 16<br \/>\nRosa\/Wei\u00df 17<\/td>\n<\/tr>\n<tr>\n<th>Drahtst\u00e4rke<\/th>\n<td style=\"text-align: left;\">26 AWG<\/td>\n<\/tr>\n<tr>\n<th>Betriebstemperatur<\/th>\n<td style=\"text-align: left;\">-5\u00b0C to 105\u00b0C<\/td>\n<\/tr>\n<\/tbody>\n<\/table>\n<\/div>\n","protected":false},"featured_media":189731,"template":"","meta":{"inline_featured_image":false},"product_brand":[],"product_cat":[743],"product_tag":[],"class_list":{"0":"post-189723","1":"product","2":"type-product","3":"status-publish","4":"has-post-thumbnail","6":"product_cat-cables-de","8":"first","9":"instock","10":"taxable","11":"shipping-taxable","12":"purchasable","13":"product-type-simple","14":"layout-style-2","15":"col-md-4 col-sm-4 col-xs-6","16":"col-lg-2","17":"product-has-gallery","18":"product-style-addtocart"},"aioseo_notices":[],"_links":{"self":[{"href":"https:\/\/staging.thinklucid.com\/de\/wp-json\/wp\/v2\/product\/189723","targetHints":{"allow":["GET"]}}],"collection":[{"href":"https:\/\/staging.thinklucid.com\/de\/wp-json\/wp\/v2\/product"}],"about":[{"href":"https:\/\/staging.thinklucid.com\/de\/wp-json\/wp\/v2\/types\/product"}],"wp:featuredmedia":[{"embeddable":true,"href":"https:\/\/staging.thinklucid.com\/de\/wp-json\/wp\/v2\/media\/189731"}],"wp:attachment":[{"href":"https:\/\/staging.thinklucid.com\/de\/wp-json\/wp\/v2\/media?parent=189723"}],"wp:term":[{"taxonomy":"product_brand","embeddable":true,"href":"https:\/\/staging.thinklucid.com\/de\/wp-json\/wp\/v2\/product_brand?post=189723"},{"taxonomy":"product_cat","embeddable":true,"href":"https:\/\/staging.thinklucid.com\/de\/wp-json\/wp\/v2\/product_cat?post=189723"},{"taxonomy":"product_tag","embeddable":true,"href":"https:\/\/staging.thinklucid.com\/de\/wp-json\/wp\/v2\/product_tag?post=189723"}],"curies":[{"name":"wp","href":"https:\/\/api.w.org\/{rel}","templated":true}]}}