{"id":187179,"date":"2025-10-22T13:14:00","date_gmt":"2025-10-22T20:14:00","guid":{"rendered":"https:\/\/thinklucid.com\/?post_type=product&#038;p=187179"},"modified":"2025-12-18T15:58:59","modified_gmt":"2025-12-18T23:58:59","slug":"helios2-wide-chroma","status":"publish","type":"product","link":"https:\/\/staging.thinklucid.com\/de\/product\/helios2-wide-chroma\/","title":{"rendered":"Helios2 Wide Chroma"},"content":{"rendered":"<div class=\"wpb-content-wrapper\"><p>[vc_row][vc_column width=&#8220;5\/6&#8243; offset=&#8220;vc_col-sm-offset-1&#8243;][vc_custom_heading text=&#8220;Interaktive Beispieldatei von Helios2 Wide Chroma&#8220; font_container=&#8220;tag:h2|text_align:center&#8220; use_theme_fonts=&#8220;yes&#8220; css=&#8220;.vc_custom_1762812112403{margin-top: 50px !important;margin-bottom: 20px !important;}&#8220;][vc_column_text css=&#8220;.vc_custom_1761802501406{margin-bottom: 25px !important;}&#8220;]<\/p>\n<p style=\"text-align: left;\">Die Helios2 Wide Chroma kombiniert LUCIDs Helios2 Wide Time-of-Flight 3D-Kamera mit einer Triton RGB-Kamera in einem kompakten, IP67-zertifizierten Geh\u00e4use. Die Kamera wird werkseitig montiert und pr\u00e4zise kalibriert, um eine RGB+Depth-L\u00f6sung mit perfekt ausgerichteten Farb- und Tiefendaten zu liefern \u2013 ohne dass eine Benutzerkalibrierung erforderlich ist. Mit platzsparendem S-Mount-Objektivdesign und nahtloser Integration in die ArenaView MP Software f\u00fcr automatische Kopplung und Bedienung bietet die Helios2 Wide Chroma eine sofort einsatzbereite 3D+Farb-Bildverarbeitungsplattform f\u00fcr industrielle und robotische Anwendungen.<\/p>\n<p>[\/vc_column_text][\/vc_column][\/vc_row][vc_row gap=&#8220;30&#8243; equal_height=&#8220;yes&#8220; css=&#8220;.vc_custom_1633545732790{margin-top: 10px !important;}&#8220; el_id=&#8220;3dpointclouds&#8220;][vc_column width=&#8220;5\/6&#8243; offset=&#8220;vc_col-sm-offset-1 vc_col-xs-12&#8243;][vc_raw_html css=&#8220;.vc_custom_1761597849152{margin-top: 10px !important;}&#8220;]JTNDZGl2JTIwY2xhc3MlM0QlMjJza2V0Y2hmYWItZW1iZWQtd3JhcHBlciUyMiUzRSUyMCUzQ2lmcmFtZSUyMHRpdGxlJTNEJTIySGVsaW9zMiUyMFdpZGUlMjBDaHJvbWElMjBQb2ludCUyMENsb3VkJTIyJTIwZnJhbWVib3JkZXIlM0QlMjIwJTIyJTIwYWxsb3dmdWxsc2NyZWVuJTIwbW96YWxsb3dmdWxsc2NyZWVuJTNEJTIydHJ1ZSUyMiUyMHdlYmtpdGFsbG93ZnVsbHNjcmVlbiUzRCUyMnRydWUlMjIlMjBhbGxvdyUzRCUyMmF1dG9wbGF5JTNCJTIwZnVsbHNjcmVlbiUzQiUyMHhyLXNwYXRpYWwtdHJhY2tpbmclMjIlMjB4ci1zcGF0aWFsLXRyYWNraW5nJTIwZXhlY3V0aW9uLXdoaWxlLW91dC1vZi12aWV3cG9ydCUyMGV4ZWN1dGlvbi13aGlsZS1ub3QtcmVuZGVyZWQlMjB3ZWItc2hhcmUlMjB3aWR0aCUzRCUyMjY0MCUyMiUyMGhlaWdodCUzRCUyMjQ4MCUyMiUyMHNyYyUzRCUyMmh0dHBzJTNBJTJGJTJGc2tldGNoZmFiLmNvbSUyRm1vZGVscyUyRmYyY2EyZDg1NzA0NjQ1MWU5NDFmZGM1ZGI3NmY4NThhJTJGZW1iZWQlMjIlM0UlMjAlM0MlMkZpZnJhbWUlM0UlMjAlM0MlMkZkaXYlM0U=[\/vc_raw_html][\/vc_column][\/vc_row]<\/p>\n<\/div>","protected":false},"excerpt":{"rendered":"<ol class=\"breadcrumb\" style=\"text-align: left;\">\n<li><a href=\"\/de\/\">Home<\/a><\/li>\n<li><a href=\"https:\/\/staging.thinklucid.com\/de\/helios-time-of-flight-tof-kamera\/\">Helios Time of Flight (ToF) Kamera<\/a><\/li>\n<li>Helios2 Wide Chroma <a href=\"https:\/\/staging.thinklucid.com\/de\/product\/helios2-narrow-ip67-time-of-flight-tof-3d-camera\/\" rel=\"prev\"><svg viewbox=\"0 0 20 20\"><use xmlns:xlink=\"http:\/\/www.w3.org\/1999\/xlink\" xlink:href=\"#left-arrow\"><\/use><\/svg><span class=\"screen-reader-text\">Helios2 Narrow 0.3 MP 3D Kamera<\/span><\/a> <a href=\"https:\/\/staging.thinklucid.com\/de\/product\/helios2plus-time-of-flight-tof-ip67-3d-camera\/\" rel=\"next\"><svg viewbox=\"0 0 20 20\"><use xmlns:xlink=\"http:\/\/www.w3.org\/1999\/xlink\" xlink:href=\"#right-arrow\"><\/use><\/svg><span class=\"screen-reader-text\">Helios+ 3D Kamera<\/span><\/a><\/li>\n<\/ol>\n<p style=\"text-align: left; margin-top: 15px; line-height: 1.8;\">Die Helios2 Wide Chroma ist eine vollst\u00e4ndig montierte, werkseitig kalibrierte RGB-D-Kamera mit IP67-Schutz, die unsere Helios2 Wide ToF 3D-Kamera mit einer 12,2 MP Triton-Farbkamera kombiniert. Sie liefert hochpr\u00e4zise, farbgenaue Punktwolken \u2013 ohne jegliche<br \/>\nBenutzerkalibrierung oder Montageaufwand.<\/p>\n<table id=\"sku-table\" class=\"table table-hover table-striped\" style=\"width: 100%; margin: 0 0 25px 0; font-size: 12px; border: 1px dotted #f1f2f4; padding-bottom: 25px;\" border=\"0\" cellspacing=\"0\" cellpadding=\"0\">\n<tbody>\n<tr style=\"background-color: #82c9ed;\">\n<td style=\"color: black;\">Kit-SKUs<\/td>\n<td style=\"color: black;\">Beschreibung<\/td>\n<\/tr>\n<tr>\n<td>HTW-RGB-001<\/td>\n<td>Helios2 Wide Chroma (Helios2 Wide + Triton TRI122S. Wird als eine vollst\u00e4ndig vorkalibrierte Einheit geliefert).<br \/>\nKabel und Netzwerkkarte (NIC) sind separat erh\u00e4ltlich.<\/td>\n<\/tr>\n<\/tbody>\n<\/table>\n","protected":false},"featured_media":187201,"template":"","meta":{"inline_featured_image":false},"product_brand":[],"product_cat":[695],"product_tag":[],"class_list":{"0":"post-187179","1":"product","2":"type-product","3":"status-publish","4":"has-post-thumbnail","6":"product_cat-helios-tof-de","8":"first","9":"instock","10":"taxable","11":"shipping-taxable","12":"purchasable","13":"product-type-simple","14":"layout-style-2","15":"col-md-4 col-sm-4 col-xs-6","16":"col-lg-2","17":"product-has-gallery","18":"product-style-addtocart"},"aioseo_notices":[],"_links":{"self":[{"href":"https:\/\/staging.thinklucid.com\/de\/wp-json\/wp\/v2\/product\/187179","targetHints":{"allow":["GET"]}}],"collection":[{"href":"https:\/\/staging.thinklucid.com\/de\/wp-json\/wp\/v2\/product"}],"about":[{"href":"https:\/\/staging.thinklucid.com\/de\/wp-json\/wp\/v2\/types\/product"}],"wp:featuredmedia":[{"embeddable":true,"href":"https:\/\/staging.thinklucid.com\/de\/wp-json\/wp\/v2\/media\/187201"}],"wp:attachment":[{"href":"https:\/\/staging.thinklucid.com\/de\/wp-json\/wp\/v2\/media?parent=187179"}],"wp:term":[{"taxonomy":"product_brand","embeddable":true,"href":"https:\/\/staging.thinklucid.com\/de\/wp-json\/wp\/v2\/product_brand?post=187179"},{"taxonomy":"product_cat","embeddable":true,"href":"https:\/\/staging.thinklucid.com\/de\/wp-json\/wp\/v2\/product_cat?post=187179"},{"taxonomy":"product_tag","embeddable":true,"href":"https:\/\/staging.thinklucid.com\/de\/wp-json\/wp\/v2\/product_tag?post=187179"}],"curies":[{"name":"wp","href":"https:\/\/api.w.org\/{rel}","templated":true}]}}