{"id":175910,"date":"2024-11-18T20:40:07","date_gmt":"2024-11-19T04:40:07","guid":{"rendered":"https:\/\/thinklucid.com\/?post_type=product&#038;p=175910"},"modified":"2026-02-12T10:14:30","modified_gmt":"2026-02-12T18:14:30","slug":"helios2-narrow-ip67-time-of-flight-tof-3d-camera","status":"publish","type":"product","link":"https:\/\/staging.thinklucid.com\/de\/product\/helios2-narrow-ip67-time-of-flight-tof-3d-camera\/","title":{"rendered":"Helios2 Narrow Time of Flight (ToF) IP67 3D Kamera"},"content":{"rendered":"","protected":false},"excerpt":{"rendered":"<ol class=\"breadcrumb\" style=\"text-align: left\">\n<li><a href=\"\/de\/\">Home<\/a><\/li>\n<li><a href=\"https:\/\/staging.thinklucid.com\/de\/helios-time-of-flight-tof-kamera\/\">Helios 0.3 MP Time of Flight (ToF) Kamera<\/a><\/li>\n<li>Helios2 Narrow 0,3 MP IP67 3D ToF-Kamera <a href=\"https:\/\/staging.thinklucid.com\/de\/product\/helios2-wide-time-of-flight-tof-ip67-3d-camera\/\" rel=\"prev\"><svg><use xlink:href=\"#left-arrow\"><\/use><\/svg><span class=\"screen-reader-text\">Helios2 Wide 3D Kamera<\/span><\/a> <a href=\"https:\/\/staging.thinklucid.com\/de\/product\/rgb-3d-kit-triton-3-2mp-helios2-kit\/\" rel=\"next\"><svg><use xlink:href=\"#right-arrow\"><\/use><\/svg><span class=\"screen-reader-text\">Helios2 3D+RGB Kamera<\/span><\/a><\/li>\n<\/ol>\n<p style=\"text-align: left;margin-top: 15px;line-height: 1.8\">Die Helios2 Narrow ist eine IP67-zertifizierte PoE 3D Time-of-Flight-Kamera. Sie nutzt fokussierte Beleuchtung, um 3D-Punktwolken in Echtzeit mit herausragender Genauigkeit und Pr\u00e4zision zu erzeugen. Dies f\u00fchrt zu dichteren Punktwolken mit geringeren Mehrwegfehlern und bietet eine au\u00dfergew\u00f6hnliche Leistung f\u00fcr die Bilderfassung innerhalb eines engen Sichtfelds (31\u00b0 x 24\u00b0 FoV)*. Alle Helios2-Modelle bieten eine IP67 Schutzart und werden werkseitig kalibriert und einsatzbereit geliefert.*. Alle Helios2-Modelle bieten Schutzart IP67 und werden werkseitig kalibriert und einsatzbereit geliefert.<\/p>\n<p style=\"text-align: left;margin-top: 15px;line-height: 1.8\"><em>*Der Helios2 Narrow ist f\u00fcr maximale Pr\u00e4zision und Genauigkeit optimiert, wobei das Bildgebungsobjekt in einem Abstand von 75 cm bis 150 cm von der Vorderseite der Kamera platziert wird.<\/em><\/p>\n<div style=\"display:flex; justify-content: space-between;margin: 35px 0px 10px 0px\">\n<table class=\"table table-hover table-striped\" style=\"border: none;float: left;width: 31%\">\n<thead>\n<tr style=\"background-color: #82c9ed\">\n<th class=\"quick_spec_title\">Sensor<\/th>\n<\/tr>\n<\/thead>\n<tbody>\n<tr>\n<td class=\"quick_spec\">Sony DepthSense IMX556 CMOS<\/td>\n<\/tr>\n<\/tbody>\n<\/table>\n<table class=\"table table-hover table-striped\" style=\"border: none;float: left;width: 31%\">\n<thead>\n<tr style=\"background-color: #82c9ed;color: white\">\n<th class=\"quick_spec_title\">Aufl\u00f6sung<\/th>\n<\/tr>\n<\/thead>\n<tbody>\n<tr>\n<td class=\"quick_spec\">0,3 MP 640 x 480 px<\/td>\n<\/tr>\n<\/tbody>\n<\/table>\n<table class=\"table table-hover table-striped\" style=\"border: none;float: left;width: 31%\">\n<thead>\n<tr style=\"background-color: #82c9ed;color: white\">\n<th class=\"quick_spec_title\">Bildrate<\/th>\n<\/tr>\n<\/thead>\n<tbody>\n<tr>\n<td class=\"quick_spec\">30 FPS<\/td>\n<\/tr>\n<\/tbody>\n<\/table>\n<\/div>\n<table id=\"sku-table\" class=\"table table-hover table-striped\" style=\"width: 100%;margin-bottom: 25px;font-size: 12px;border: 1px dotted #f1f2f4\" border=\"0\" cellspacing=\"0\" cellpadding=\"0\">\n<tbody>\n<tr style=\"background-color: #82c9ed\">\n<td style=\"color: black\">Kameramodell<\/td>\n<td style=\"color: black\">Mono\/Farbe<\/td>\n<td style=\"color: black\">Arbeitsabstand<\/td>\n<td style=\"color: black\">Schutzart<\/td>\n<td style=\"color: black\">GigE Vision Schnittstelle<\/td>\n<td style=\"color: black\">Enthaltenes Zubeh\u00f6r<\/td>\n<\/tr>\n<tr>\n<td>HTN003S-100<\/td>\n<td>Mono<\/td>\n<td>0,3 m to 8,3 m<\/td>\n<td>IP67<\/td>\n<td>M12<\/td>\n<td>M8 GPIO IP67 Cap<\/td>\n<\/tr>\n<\/tbody>\n<\/table>\n","protected":false},"featured_media":177990,"template":"","meta":{"inline_featured_image":false},"product_brand":[],"product_cat":[695],"product_tag":[],"class_list":{"0":"post-175910","1":"product","2":"type-product","3":"status-publish","4":"has-post-thumbnail","6":"product_cat-helios-tof-de","8":"first","9":"instock","10":"taxable","11":"shipping-taxable","12":"purchasable","13":"product-type-variable","14":"layout-style-2","15":"col-md-4 col-sm-4 col-xs-6","16":"col-lg-2","17":"product-has-gallery","18":"product-style-addtocart"},"aioseo_notices":[],"_links":{"self":[{"href":"https:\/\/staging.thinklucid.com\/de\/wp-json\/wp\/v2\/product\/175910","targetHints":{"allow":["GET"]}}],"collection":[{"href":"https:\/\/staging.thinklucid.com\/de\/wp-json\/wp\/v2\/product"}],"about":[{"href":"https:\/\/staging.thinklucid.com\/de\/wp-json\/wp\/v2\/types\/product"}],"wp:featuredmedia":[{"embeddable":true,"href":"https:\/\/staging.thinklucid.com\/de\/wp-json\/wp\/v2\/media\/177990"}],"wp:attachment":[{"href":"https:\/\/staging.thinklucid.com\/de\/wp-json\/wp\/v2\/media?parent=175910"}],"wp:term":[{"taxonomy":"product_brand","embeddable":true,"href":"https:\/\/staging.thinklucid.com\/de\/wp-json\/wp\/v2\/product_brand?post=175910"},{"taxonomy":"product_cat","embeddable":true,"href":"https:\/\/staging.thinklucid.com\/de\/wp-json\/wp\/v2\/product_cat?post=175910"},{"taxonomy":"product_tag","embeddable":true,"href":"https:\/\/staging.thinklucid.com\/de\/wp-json\/wp\/v2\/product_tag?post=175910"}],"curies":[{"name":"wp","href":"https:\/\/api.w.org\/{rel}","templated":true}]}}