{"id":148048,"date":"2023-05-23T11:02:00","date_gmt":"2023-05-23T18:02:00","guid":{"rendered":"https:\/\/ec2-34-221-119-146.us-west-2.compute.amazonaws.com\/?post_type=product&#038;p=148048"},"modified":"2026-02-18T11:32:25","modified_gmt":"2026-02-18T19:32:25","slug":"triton-5-mp-imx490-altaview","status":"publish","type":"product","link":"https:\/\/staging.thinklucid.com\/de\/product\/triton-5-mp-imx490-altaview\/","title":{"rendered":"Triton HDR 5,4 MP Modell mit AltaView Tone-Mapping"},"content":{"rendered":"<div class=\"wpb-content-wrapper\"><p>[vc_row][vc_column][vc_custom_heading text=&#8220;Triton Kamera mit Sony IMX490 Sensor und AltaView HDR Tone Mapping&#8220; font_container=&#8220;tag:h2|text_align:center&#8220; use_theme_fonts=&#8220;yes&#8220; css=&#8220;.vc_custom_1762812216842{margin-top: 50px !important;}&#8220;][vc_row_inner equal_height=&#8220;yes&#8220; content_placement=&#8220;middle&#8220;][vc_column_inner width=&#8220;1\/2&#8243;][vc_custom_heading text=&#8220;AltaView: Tone Mapping auf der Kamera. Optimiert f\u00fcr Mobile Sensing.&#8220; font_container=&#8220;tag:h2|font_size:21px|text_align:center&#8220; use_theme_fonts=&#8220;yes&#8220;][vc_column_text]Der TDR054S mit AltaView\u2122 kamerainternem HDR-Tone-Mapping verarbeitet native 24-Bit-RAW-Daten, um Vollfarb-RGB (8 Bit pro Farbkanal) und YCbCr auszugeben. Erleben Sie h\u00f6here Bildraten bei geringerer Latenz und reduzierter Entwicklungszeit. Das adaptive Tone Mapping bietet:<\/p>\n<p>\u2022\u00a0 24-Bit-RAW-zu-8-Bit-RGB-Tonemapping mit geringer Latenz direkt auf der Kamera<br \/>\n\u2022\u00a0Zeitliche R\u00fcckw\u00e4rtsflussfilterung zur Eliminierung von Helligkeitsflimmern<br \/>\n\u2022\u00a0Mehrstufiger Wei\u00dfabgleich und Farbabgleich f\u00fcr Farbgenauigkeit und Bildsch\u00e4rfe<br \/>\n\u2022\u00a0Feste Belichtungseinstellung. Keine automatische Belichtung, kein automatischer Wei\u00dfabgleich, keine automatische Verst\u00e4rkung, keine zus\u00e4tzlichen CCMs oder LUTs erforderlich<br \/>\nBesuchen Sie die Seite zur AltaView On-Camera Tone Mapping Engine, um mehr zu erfahren.[\/vc_column_text][\/vc_column_inner][vc_column_inner width=&#8220;1\/2&#8243;]<div class=\"sober-banner3 text-align-left dark-scheme  \">\n\t\t\t\t<a href=\"https:\/\/https\" target=\"\" rel=\"\" title=\"\">\n\t\t\t\t\t<img data-opt-id=242397386  decoding=\"async\" width=\"720\" height=\"480\" src=\"https:\/\/mlxrlrwirvff.i.optimole.com\/cb:UhP2~57313\/w:auto\/h:auto\/q:75\/https:\/\/staging.thinklucid.com\/wp-content\/uploads\/2023\/05\/AltaView-LUCID-Tone-Mapping.jpg\" class=\"attachment-full\" alt=\"LUCID AltaView mit CMOS-Sensor\" title=\"\" srcset=\"https:\/\/mlxrlrwirvff.i.optimole.com\/cb:UhP2~57313\/w:720\/h:480\/q:75\/https:\/\/staging.thinklucid.com\/wp-content\/uploads\/2023\/05\/AltaView-LUCID-Tone-Mapping.jpg 720w, https:\/\/mlxrlrwirvff.i.optimole.com\/cb:UhP2~57313\/w:300\/h:200\/q:75\/https:\/\/staging.thinklucid.com\/wp-content\/uploads\/2023\/05\/AltaView-LUCID-Tone-Mapping.jpg 300w, https:\/\/mlxrlrwirvff.i.optimole.com\/cb:UhP2~57313\/w:360\/h:240\/q:75\/https:\/\/staging.thinklucid.com\/wp-content\/uploads\/2023\/05\/AltaView-LUCID-Tone-Mapping.jpg 360w, https:\/\/mlxrlrwirvff.i.optimole.com\/cb:UhP2~57313\/w:565\/h:377\/q:75\/https:\/\/staging.thinklucid.com\/wp-content\/uploads\/2023\/05\/AltaView-LUCID-Tone-Mapping.jpg 565w, https:\/\/mlxrlrwirvff.i.optimole.com\/cb:UhP2~57313\/w:433\/h:289\/q:75\/https:\/\/staging.thinklucid.com\/wp-content\/uploads\/2023\/05\/AltaView-LUCID-Tone-Mapping.jpg 433w, https:\/\/mlxrlrwirvff.i.optimole.com\/cb:UhP2~57313\/w:720\/h:480\/q:75\/dpr:2\/https:\/\/staging.thinklucid.com\/wp-content\/uploads\/2023\/05\/AltaView-LUCID-Tone-Mapping.jpg 2x\" sizes=\"(max-width: 640px) 100vw, 640px\" \/>\n\t\t\t\t\t<span class=\"banner-content\">\n\t\t\t\t\t\t<span class=\"banner-text\">Mehr erfahren<\/span>\n\t\t\t\t\t\t<span class=\"sober-button button-light line-hover active\">Besuchen Sie die AltaView-Seite<\/span>\n\t\t\t\t\t<\/span>\n\t\t\t\t<\/a>\n\t\t\t<\/div>[\/vc_column_inner][\/vc_row_inner][\/vc_column][\/vc_row]<\/p>\n<\/div>","protected":false},"excerpt":{"rendered":"<ol class=\"breadcrumb\" style=\"text-align: left;\">\n<li><a href=\"\/de\/\">Home<\/a><\/li>\n<li><a href=\"https:\/\/staging.thinklucid.com\/de\/triton-gige-machine-vision\/\">Triton GigE Kamera<\/a><\/li>\n<li>Triton HDR &#8211; 5,4 MP Modell mit AltaView Tone Mapping <a href=\"https:\/\/staging.thinklucid.com\/de\/product\/triton-5-0-mp-polarization-model-imx264mzrmyr\/\" rel=\"prev\"><svg viewbox=\"0 0 20 20\"><use xmlns:xlink=\"http:\/\/www.w3.org\/1999\/xlink\" xlink:href=\"#left-arrow\"><\/use><\/svg><span class=\"screen-reader-text\">Triton 5 MP Polarization<\/span><\/a> <a href=\"https:\/\/staging.thinklucid.com\/de\/product\/triton-64-mp-imx178\/\" rel=\"next\"><svg viewbox=\"0 0 20 20\"><use xmlns:xlink=\"http:\/\/www.w3.org\/1999\/xlink\" xlink:href=\"#right-arrow\"><\/use><\/svg><span class=\"screen-reader-text\">Triton 6.4 MP <\/span><\/a><\/li>\n<\/ol>\n<p style=\"text-align: left; margin-top: 15px; line-height: 1.6;\">Die Triton TDR054S mit dem r\u00fcckw\u00e4rtig belichteten, gestapelten CMOS-Sensor IMX490 (BSI) und der kamerainternen AltaView-HDR-Tonemapping-Engine von LUCID erm\u00f6glicht adaptives Tonemapping \u2013 ganz ohne die Entwicklung eines eigenen Host-basierten Tonemapping-Algorithmus. Durch die vollst\u00e4ndige Nutzung des 24-Bit-RAW-Datenstroms des IMX490 erzeugt die Triton TDR054S mit AltaView einen latenzarmen Bildstrom mit hoher Farbtiefe und wertvollen Bildinformationen in Schatten- und Lichtbereichen. Der resultierende 8-Bit-Bildstrom ist optimiert f\u00fcr mobile Sensoranwendungen wie Automobil- und Bahninspektion sowie autonome Robotik.<\/p>\n<div style=\"display: flex; justify-content: space-between; margin: 40px 0px 10px 0px;\">\n<table class=\"table table-hover table-striped\" style=\"border: none; float: left; width: 31%;\">\n<thead>\n<tr style=\"background-color: #82c9ed;\">\n<th class=\"quick_spec_title\">Sensor<\/th>\n<\/tr>\n<\/thead>\n<tbody>\n<tr>\n<td class=\"quick_spec\">Sony IMX490 CMOS<\/td>\n<\/tr>\n<\/tbody>\n<\/table>\n<table class=\"table table-hover table-striped\" style=\"border: none; float: left; width: 31%;\">\n<thead>\n<tr style=\"background-color: #82c9ed; color: white;\">\n<th class=\"quick_spec_title\">Aufl\u00f6sung<\/th>\n<\/tr>\n<\/thead>\n<tbody>\n<tr>\n<td class=\"quick_spec\">5,4 MP, 2880 x 1860 px<\/td>\n<\/tr>\n<\/tbody>\n<\/table>\n<table class=\"table table-hover table-striped\" style=\"border: none; float: left; width: 31%;\">\n<thead>\n<tr style=\"background-color: #82c9ed; color: white;\">\n<th class=\"quick_spec_title\">Bildrate<\/th>\n<\/tr>\n<\/thead>\n<tbody>\n<tr>\n<td class=\"quick_spec\">13,8 FPS<\/td>\n<\/tr>\n<\/tbody>\n<\/table>\n<\/div>\n<table id=\"sku-table\" class=\"table table-hover table-striped\" style=\"margin: auto; font-size: 12px; border: 1px dotted #f1f2f4;\" border=\"0\" cellspacing=\"0\" cellpadding=\"0\">\n<tbody>\n<tr style=\"background-color: #82c9ed;\">\n<td style=\"color: black;\">Kameramodell<\/td>\n<td style=\"color: black;\">Mono\/Farbe<\/td>\n<td style=\"color: black;\">Objektivanschluss<\/td>\n<td style=\"color: black;\">GigE Vision Schnittstelle<\/td>\n<td style=\"color: black;\">Enthaltenes Zubeh\u00f6r<\/td>\n<\/tr>\n<tr>\n<td>TDR054S-CC<\/td>\n<td>Farbe (AltaView)<\/td>\n<td>C-mount<\/td>\n<td>M12<\/td>\n<td>M8 GPIO IP67 Cap<\/td>\n<\/tr>\n<\/tbody>\n<\/table>\n<div style=\"clear: both;\"><\/div>\n","protected":false},"featured_media":148075,"template":"","meta":{"inline_featured_image":false},"product_brand":[],"product_cat":[258],"product_tag":[],"class_list":{"0":"post-148048","1":"product","2":"type-product","3":"status-publish","4":"has-post-thumbnail","6":"product_cat-triton-de","8":"first","9":"instock","10":"taxable","11":"shipping-taxable","12":"purchasable","13":"product-type-simple","14":"layout-style-2","15":"col-md-4 col-sm-4 col-xs-6","16":"col-lg-2","17":"product-has-gallery","18":"product-style-addtocart"},"aioseo_notices":[],"_links":{"self":[{"href":"https:\/\/staging.thinklucid.com\/de\/wp-json\/wp\/v2\/product\/148048","targetHints":{"allow":["GET"]}}],"collection":[{"href":"https:\/\/staging.thinklucid.com\/de\/wp-json\/wp\/v2\/product"}],"about":[{"href":"https:\/\/staging.thinklucid.com\/de\/wp-json\/wp\/v2\/types\/product"}],"wp:featuredmedia":[{"embeddable":true,"href":"https:\/\/staging.thinklucid.com\/de\/wp-json\/wp\/v2\/media\/148075"}],"wp:attachment":[{"href":"https:\/\/staging.thinklucid.com\/de\/wp-json\/wp\/v2\/media?parent=148048"}],"wp:term":[{"taxonomy":"product_brand","embeddable":true,"href":"https:\/\/staging.thinklucid.com\/de\/wp-json\/wp\/v2\/product_brand?post=148048"},{"taxonomy":"product_cat","embeddable":true,"href":"https:\/\/staging.thinklucid.com\/de\/wp-json\/wp\/v2\/product_cat?post=148048"},{"taxonomy":"product_tag","embeddable":true,"href":"https:\/\/staging.thinklucid.com\/de\/wp-json\/wp\/v2\/product_tag?post=148048"}],"curies":[{"name":"wp","href":"https:\/\/api.w.org\/{rel}","templated":true}]}}