{"id":130311,"date":"2022-11-23T16:29:19","date_gmt":"2022-11-24T00:29:19","guid":{"rendered":"https:\/\/ec2-34-221-119-146.us-west-2.compute.amazonaws.com\/?post_type=product&#038;p=130311"},"modified":"2026-02-18T13:16:21","modified_gmt":"2026-02-18T21:16:21","slug":"atlas10-uv-8-1-mp-imx487","status":"publish","type":"product","link":"https:\/\/staging.thinklucid.com\/de\/product\/atlas10-uv-8-1-mp-imx487\/","title":{"rendered":"Atlas10 UV 8,1 MP Model"},"content":{"rendered":"","protected":false},"excerpt":{"rendered":"<ol class=\"breadcrumb\" style=\"text-align: left;\">\n<li><a href=\"\/de\/\">Home<\/a><\/li>\n<li><a href=\"https:\/\/staging.thinklucid.com\/de\/atlas10-uv-camera\/\">Atlas UV 10GBASE-T Kamera<\/a><\/li>\n<li>Atlas10 UV &#8211; 8,1 MP Sony IMX487 CMOS <\/li>\n<\/ol>\n<div style=\"margin-top:25px; text-align:left\">Die Atlas10 UV 10GigE (10GBASE-T) PoE+ Kamera mit dem hochempfindlichen Sony UV 8.1 MP IMX487 Sensor ist in der Lage, Bilder im gesamten ultravioletten (UV) Lichtspektrum (200 bis 400nm) zu erfassen. Die hohe Empfindlichkeit der Kamera im Bereich von 200 bis 400 nm, die auf der r\u00fcckseitig beleuchteten Pregius S-Sensortechnologie basiert, er\u00f6ffnet eine Vielzahl industrieller Anwendungen mit h\u00f6herer Pr\u00e4zision bei transparenten Materialien (Kunststoff und PET), Halbleiterinspektion, Materialsortierung und mehr. <strong>Hinweis: Der Sensor ist empfindlich f\u00fcr UV- und sichtbares Licht (200nm bis 1100nm). Der Sensor und die Kamera filtern kein Licht jenseits von 400nm. F\u00fcr beste Ergebnisse sollte ein Filter f\u00fcr sichtbares Licht (separat erh\u00e4ltlich) verwendet werden.<\/strong><\/div>\n<div style=\"display: flex; justify-content: space-between; margin: 35px 0px 10px 0px;\">\n<table class=\"table table-hover table-striped\" style=\"border: none; float: left; width: 31%;\">\n<thead>\n<tr style=\"background-color: #82c9ed;\">\n<th class=\"quick_spec_title\">Sensor<\/th>\n<\/tr>\n<\/thead>\n<tbody>\n<tr>\n<td class=\"quick_spec\">Sony IMX5487 CMOS<\/td>\n<\/tr>\n<\/tbody>\n<\/table>\n<table class=\"table table-hover table-striped\" style=\"border: none; float: left; width: 31%;\">\n<thead>\n<tr style=\"background-color: #82c9ed; color: white;\">\n<th class=\"quick_spec_title\">Aufl\u00f6sung<\/th>\n<\/tr>\n<\/thead>\n<tbody>\n<tr>\n<td class=\"quick_spec\">8.1 MP 2840 x 2840 px<\/td>\n<\/tr>\n<\/tbody>\n<\/table>\n<table class=\"table table-hover table-striped\" style=\"border: none; float: left; width: 31%;\">\n<thead>\n<tr style=\"background-color: #82c9ed; color: white;\">\n<th class=\"quick_spec_title\">Bildrate<\/th>\n<\/tr>\n<\/thead>\n<tbody>\n<tr>\n<td class=\"quick_spec\">136.7 FPS<\/td>\n<\/tr>\n<\/tbody>\n<\/table>\n<\/div>\n<table id=\"sku-table\" class=\"table table-hover table-striped\" style=\"margin: auto; font-size: 12px; border: 1px dotted #f1f2f4;\" border=\"0\" cellspacing=\"0\" cellpadding=\"0\">\n<tbody>\n<tr style=\"background-color: #82c9ed;\">\n<td style=\"color: black;\">Kameramodell<\/td>\n<td style=\"color: black;\">Mono\/Farbe<\/td>\n<td style=\"color: black;\">Objektivanschluss<\/td>\n<td style=\"color: black;\">10GBASE-T GigE Vision Schnittstelle<\/td>\n<\/tr>\n<tr>\n<td>ATX081S-UC <\/td>\n<td>Mono<\/td>\n<td>C-mount<\/td>\n<td>M12<\/td>\n<\/tr>\n<\/tbody>\n<\/table>\n","protected":false},"featured_media":54776,"template":"","meta":{"inline_featured_image":false},"product_brand":[],"product_cat":[698],"product_tag":[],"class_list":{"0":"post-130311","1":"product","2":"type-product","3":"status-publish","4":"has-post-thumbnail","6":"product_cat-atlas-10gbase-t-cameras-de","8":"first","9":"onbackorder","10":"taxable","11":"shipping-taxable","12":"purchasable","13":"product-type-simple","14":"layout-style-2","15":"col-md-4 col-sm-4 col-xs-6","16":"col-lg-2","17":"product-has-gallery","18":"product-style-addtocart"},"aioseo_notices":[],"_links":{"self":[{"href":"https:\/\/staging.thinklucid.com\/de\/wp-json\/wp\/v2\/product\/130311","targetHints":{"allow":["GET"]}}],"collection":[{"href":"https:\/\/staging.thinklucid.com\/de\/wp-json\/wp\/v2\/product"}],"about":[{"href":"https:\/\/staging.thinklucid.com\/de\/wp-json\/wp\/v2\/types\/product"}],"wp:featuredmedia":[{"embeddable":true,"href":"https:\/\/staging.thinklucid.com\/de\/wp-json\/wp\/v2\/media\/54776"}],"wp:attachment":[{"href":"https:\/\/staging.thinklucid.com\/de\/wp-json\/wp\/v2\/media?parent=130311"}],"wp:term":[{"taxonomy":"product_brand","embeddable":true,"href":"https:\/\/staging.thinklucid.com\/de\/wp-json\/wp\/v2\/product_brand?post=130311"},{"taxonomy":"product_cat","embeddable":true,"href":"https:\/\/staging.thinklucid.com\/de\/wp-json\/wp\/v2\/product_cat?post=130311"},{"taxonomy":"product_tag","embeddable":true,"href":"https:\/\/staging.thinklucid.com\/de\/wp-json\/wp\/v2\/product_tag?post=130311"}],"curies":[{"name":"wp","href":"https:\/\/api.w.org\/{rel}","templated":true}]}}