{"id":106024,"date":"2022-03-24T11:56:04","date_gmt":"2022-03-24T18:56:04","guid":{"rendered":"https:\/\/ec2-34-221-119-146.us-west-2.compute.amazonaws.com\/?post_type=product&#038;p=106024"},"modified":"2024-01-29T12:50:16","modified_gmt":"2024-01-29T20:50:16","slug":"4-ch-2-5g-1g-poe-ethernet-card","status":"publish","type":"product","link":"https:\/\/staging.thinklucid.com\/de\/product\/4-ch-2-5g-1g-poe-ethernet-card\/","title":{"rendered":"ioi 4-CH 2.5G\/1G PoE+ Netzwerkkarte"},"content":{"rendered":"","protected":false},"excerpt":{"rendered":"<ol class=\"breadcrumb\" style=\"text-align: left;\">\n<li><a href=\"\/\">Home<\/a><\/li>\n<li><a href=\"\/de\/accessories\/\">Zubeh\u00f6r<\/a><\/li>\n<li><a href=\"\/de\/category\/interface-cards-poe-injectors-de\/\">PC-Karten, PoE, Kamera Netzteil<\/a><\/li>\n<li>4-CH 2.5G\/1G PoE+ Netzwerkkarte<a href=\"\/de\/product\/4-ch-5g-2-5g-1g-poe-ethernet-card\/\" rel=\"prev\"><span class=\"screen-reader-text\">4-CH 5G\/2.5G\/1G PoE+ Netzwerkkarte<\/span><svg viewbox=\"0 0 20 20\"><use xmlns:xlink=\"http:\/\/www.w3.org\/1999\/xlink\" xlink:href=\"#left-arrow\"><\/use><\/svg><\/a> <a href=\"\/de\/product\/lr-link-2-ch-pcie-gige-vision-poe-card\/\" rel=\"next\"><span class=\"screen-reader-text\">LR-LINK 2-CH PCIe GigE Vision PoE+ Netzwerkkarte<\/span> <svg viewbox=\"0 0 20 20\"><use xmlns:xlink=\"http:\/\/www.w3.org\/1999\/xlink\" xlink:href=\"#right-arrow\"><\/use><\/svg> <\/a><\/li>\n<\/ol>\n<p style=\"text-align: left; font-size: 1.2rem; padding-top:15px\">Der PCIE-POE4-2G 10\/100\/1000M\/2.5G Ethernet-Controller kombiniert einen IEEE 802.3-konformen Media Access Controller (MAC) mit vier Anschl\u00fcssen mit einem Viergeschwindigkeits-Ethernet-Transceiver, einem PCI Express-Bus-Controller und einem eingebetteten Speicher. Funktionen wie Crossover Detection und Auto-Correction, Polarit\u00e4tskorrektur, adaptive Entzerrung, \u00dcbersprechunterdr\u00fcckung, Echokompensation, Timing Recovery und Fehlerkorrektur sind implementiert, um eine robuste Sende- und Empfangsf\u00e4higkeit bei hohen Geschwindigkeiten zu gew\u00e4hrleisten.<\/p>\n<p style=\"text-align: left; font-size: 1.4rem; color: black;\"><strong>Spezifikationen<\/strong><\/p>\n<div style=\"display: flex; justify-content: space-between; margin: 10px 0px 20px 0px;\">\n<table class=\"table table-hover table-striped\" style=\"border: none; float: left; width: 95%;\">\n<tbody>\n<tr>\n<td width=\"15%\">HerstellerNr.<\/td>\n<td width=\"85%\">\n<ul style=\"text-align:left\">\n<li> ioi GE2PX4-PCIE4XE301<\/li>\n<\/ul>\n<\/td>\n<\/tr>\n<tr>\n<td width=\"15%\">PCI Express<\/td>\n<td width=\"85%\">\n<ul style=\"text-align:left\">\n<li>Kompatibel mit PCI Express-Steckplatz (x4, x8, x16) Hinweis: F\u00fcr die beste Leistung (5,0 Gbit\/s) sollte sie in einem PCIe Gen 2 konformen Steckplatz im Host-Computer installiert werden.<\/li>\n<li>Konform mit PCI Express Base Specification Revision 2.1, PCI Express CEM Specification Revision 2.0, PCI-to-PCI Bridge Architecture Specification Revision 1.2<\/li>\n<li>Zust\u00e4nde der Link-Energieverwaltung: L0, L0s, L1, L2\/L3 bereit und L3, Ger\u00e4tezust\u00e4nde: D0 und D3hot, Stromversorgungsmanagement im aktiven Zustand f\u00fcr die Zust\u00e4nde L0s und L1<\/li>\n<li>Unterst\u00fctzt bis zu 256 Byte maximale Nutzdatengr\u00f6\u00dfe<\/li>\n<\/ul>\n<\/td>\n<\/tr>\n<tr>\n<td>POE + Feature<\/td>\n<td>\n<ul style=\"text-align:left\">\n<li>Unterst\u00fctzt IEEE 802.3at Power Sourcing Equipment (PSE)<\/li>\n<li>Arbeitet mit einer 54-V-Versorgung<\/li>\n<li>Bietet PD-Echtzeitschutz durch die folgenden Mechanismen: \u00dcberlast, Unterlast, \u00dcberspannung, \u00dcbertemperatur und Kurzschluss.<\/li>\n<li>Auto-Modus &#8211; erm\u00f6glicht das automatische Ein- und Ausschalten von PDs.<\/li>\n<li>Stromeingang f\u00fcr PoE: Vom PCIe-Steckplatz (25W oder 48W), IDE Big 4-pin (60W), SATA Power Connector (48W), Mini-fit Jr. Dual Row 6-pin (60W)<\/li>\n<\/ul>\n<\/td>\n<\/tr>\n<tr>\n<td>Ethernet Feature<\/td>\n<td>\n<ul style=\"text-align:left\">\n<li>Unterst\u00fctzt Hardware ECC (Error Correction Code) Funktion und Hardware CRC (Cyclic Redundancy Check) Funktion<\/li>\n<li>100 Meter \u00fcber Cat 5e und Cat 6a bei 2,5Gbps\/ 1Gbps\/ 100Mbps\/ 10Mbps<\/li>\n<\/li>\n<li>Erweiterte Kabeldiagnose mit hochaufl\u00f6sendem On-Chip-Kabelanalysator\n\t\t\t\t\t\t\t\t\t\t\t\t\t\t<\/li>\n<li>Audio-Video-\u00dcberbr\u00fcckung (AVB) und 1588v2\n<\/li>\n<li>Unterst\u00fctzte Datenraten: 2.5G \/ 1G\/ 100 \/ 10 Mbps\n\t\t\t\t\t\t\t\t\t\t\t\t\t\t<\/li>\n<li>Standard: Unterst\u00fctzt IEEE 1588v1, IEEE 1588v2, IEEE 802.1AS Zeitsynchronisation, IEEE 802.1Qav kreditbasierter Shaper-Algorithmus, IEEE 802.1P Layer 2 Priorit\u00e4tskodierung, IEEE 802.1Q VLAN-Tagging, IEEE 802.1ad Double VLAN, IEEE 802.3az-2010 (EEE), IEEE 802.3bz (2.5GBase-T), Vollduplex-Flusskontrolle (IEEE 802.3x)\n\t\t\t\t\t\t\t\t\t\t\t\t\t\t<\/li>\n<\/ul>\n<\/td>\n<\/tr>\n<tr>\n<td>Ethernet-Anschl\u00fcsse:<\/td>\n<td>\n<ul style=\"text-align:left\">\n<li>Vier (4) 2,5\/1GBASE-T RJ45-Ethernet-Anschl\u00fcsse mit PoE<\/li>\n<\/ul>\n<\/td>\n<\/tr>\n<\/tbody>\n<\/table>\n<\/div>\n","protected":false},"featured_media":106028,"template":"","meta":{"inline_featured_image":false},"product_brand":[],"product_cat":[744],"product_tag":[],"class_list":{"0":"post-106024","1":"product","2":"type-product","3":"status-publish","4":"has-post-thumbnail","6":"product_cat-interface-cards-poe-injectors-de","8":"first","9":"instock","10":"taxable","11":"shipping-taxable","12":"purchasable","13":"product-type-simple","14":"layout-style-2","15":"col-md-4 col-sm-4 col-xs-6","16":"col-lg-2","17":"product-has-gallery","18":"product-style-addtocart"},"aioseo_notices":[],"_links":{"self":[{"href":"https:\/\/staging.thinklucid.com\/de\/wp-json\/wp\/v2\/product\/106024","targetHints":{"allow":["GET"]}}],"collection":[{"href":"https:\/\/staging.thinklucid.com\/de\/wp-json\/wp\/v2\/product"}],"about":[{"href":"https:\/\/staging.thinklucid.com\/de\/wp-json\/wp\/v2\/types\/product"}],"wp:featuredmedia":[{"embeddable":true,"href":"https:\/\/staging.thinklucid.com\/de\/wp-json\/wp\/v2\/media\/106028"}],"wp:attachment":[{"href":"https:\/\/staging.thinklucid.com\/de\/wp-json\/wp\/v2\/media?parent=106024"}],"wp:term":[{"taxonomy":"product_brand","embeddable":true,"href":"https:\/\/staging.thinklucid.com\/de\/wp-json\/wp\/v2\/product_brand?post=106024"},{"taxonomy":"product_cat","embeddable":true,"href":"https:\/\/staging.thinklucid.com\/de\/wp-json\/wp\/v2\/product_cat?post=106024"},{"taxonomy":"product_tag","embeddable":true,"href":"https:\/\/staging.thinklucid.com\/de\/wp-json\/wp\/v2\/product_tag?post=106024"}],"curies":[{"name":"wp","href":"https:\/\/api.w.org\/{rel}","templated":true}]}}