{"id":183124,"date":"2021-04-26T14:01:28","date_gmt":"2021-04-26T21:01:28","guid":{"rendered":"https:\/\/thinklucid.com\/case-studies\/"},"modified":"2025-10-01T15:54:32","modified_gmt":"2025-10-01T22:54:32","slug":"case-studies","status":"publish","type":"page","link":"https:\/\/staging.thinklucid.com\/de\/case-studies\/","title":{"rendered":"Fallstudien"},"content":{"rendered":"<div class=\"wpb-content-wrapper\"><p>[vc_row][vc_column][vc_column_text css=&#8220;.vc_custom_1752126222348{margin-bottom: 40px !important;}&#8220;]<\/p>\n<p style=\"text-align: center;\">Erfahren Sie, wie die hochmodernen Machine-Vision-Kameras von LUCID Vision Labs Branchen weltweit revolutionieren. Ob in der Pr\u00e4zisionslandwirtschaft, bei autonomen Fahrzeugen, in der Robotik oder bei der Qualit\u00e4tskontrolle \u2013 unsere Kunden l\u00f6sen komplexe Herausforderungen mit leistungsstarken Bildverarbeitungsl\u00f6sungen. Entdecken Sie praxisnahe Anwendungsbeispiele und Erfolgsgeschichten, die die Leistungsf\u00e4higkeit, Zuverl\u00e4ssigkeit und Vielseitigkeit der LUCID-Technologie eindrucksvoll unter Beweis stellen.<\/p>\n<p>[\/vc_column_text][vc_text_separator title=&#8220;W\u00e4hlen Sie die Anwendungs- und Branchen-Tags aus, um die Fallstudien gezielt zu filtern.&#8220; color=&#8220;black&#8220; css=&#8220;.vc_custom_1752736469613{margin-bottom: 40px !important;}&#8220;][vc_raw_html css=&#8220;&#8220;]JTNDZGl2JTIwY2xhc3MlM0QlMjJ2Yy1zcGxpdC13cmFwJTIyJTNFJTBEJTBBJTIwJTIwJTNDZGl2JTIwY2xhc3MlM0QlMjJ2Yy1zcGxpdC1ncm91cCUyMHZjLXNwbGl0LWNhbWVyYXMlMjIlM0UlMEQlMEElMjAlMjAlMjAlMjAlM0NoMyUzRUthbWVyYWZhbWlsaWVuJTNDJTJGaDMlM0UlMEQlMEElMjAlMjAlMjAlMjAlM0N1bCUyMGlkJTNEJTIyY2FtZXJhRmlsdGVycyUyMiUyMGNsYXNzJTNEJTIydmNfZ3JpZC1maWx0ZXIlMjB2Y19jbGVhcmZpeCUyMiUzRSUzQyUyRnVsJTNFJTBEJTBBJTIwJTIwJTNDJTJGZGl2JTNFJTBEJTBBJTIwJTIwJTNDZGl2JTIwY2xhc3MlM0QlMjJ2Yy1zcGxpdC1ncm91cCUyMHZjLXNwbGl0LW90aGVyJTIyJTNFJTBEJTBBJTIwJTIwJTIwJTIwJTNDaDMlM0VBbndlbmR1bmdlbiUyMCUyNmFtcCUzQiUyMEJyYW5jaGVuJTNDJTJGaDMlM0UlMEQlMEElMjAlMjAlMjAlMjAlM0N1bCUyMGlkJTNEJTIyb3RoZXJGaWx0ZXJzJTIyJTIwY2xhc3MlM0QlMjJ2Y19ncmlkLWZpbHRlciUyMHZjX2NsZWFyZml4JTIyJTNFJTNDJTJGdWwlM0UlMEQlMEElMjAlMjAlM0MlMkZkaXYlM0UlMEQlMEElM0MlMkZkaXYlM0U=[\/vc_raw_html][\/vc_column][\/vc_row][vc_row full_width=&#8220;stretch_row_content&#8220;][vc_column offset=&#8220;vc_col-lg-offset-2 vc_col-lg-8 vc_col-md-offset-1 vc_col-md-10&#8243;][vc_basic_grid post_type=&#8220;page&#8220; max_items=&#8220;50&#8243; show_filter=&#8220;yes&#8220; gap=&#8220;25&#8243; filter_color=&#8220;sky&#8220; filter_size=&#8220;lg&#8220; item=&#8220;masonryGrid_FadeIn&#8220; css=&#8220;&#8220; grid_id=&#8220;vc_gid:1759359238097-2b25d838-9124-6&#8243; taxonomies=&#8220;1936&#8243; filter_source=&#8220;post_tag&#8220; exclude_filter=&#8220;1966, 1966&#8243;][\/vc_column][\/vc_row]<\/p>\n<\/div>","protected":false},"excerpt":{"rendered":"<p>[vc_row][vc_column][vc_column_text css=&#8220;.vc_custom_1752126222348{margin-bottom: 40px !important;}&#8220;] Erfahren Sie, wie die hochmodernen Machine-Vision-Kameras von LUCID Vision Labs Branchen weltweit revolutionieren. Ob in der&hellip;<\/p>\n","protected":false},"author":2,"featured_media":0,"parent":0,"menu_order":0,"comment_status":"closed","ping_status":"closed","template":"","meta":{"inline_featured_image":false,"footnotes":""},"tags":[],"camera_family":[],"class_list":["post-183124","page","type-page","status-publish","hentry"],"aioseo_notices":[],"_links":{"self":[{"href":"https:\/\/staging.thinklucid.com\/de\/wp-json\/wp\/v2\/pages\/183124","targetHints":{"allow":["GET"]}}],"collection":[{"href":"https:\/\/staging.thinklucid.com\/de\/wp-json\/wp\/v2\/pages"}],"about":[{"href":"https:\/\/staging.thinklucid.com\/de\/wp-json\/wp\/v2\/types\/page"}],"author":[{"embeddable":true,"href":"https:\/\/staging.thinklucid.com\/de\/wp-json\/wp\/v2\/users\/2"}],"replies":[{"embeddable":true,"href":"https:\/\/staging.thinklucid.com\/de\/wp-json\/wp\/v2\/comments?post=183124"}],"version-history":[{"count":9,"href":"https:\/\/staging.thinklucid.com\/de\/wp-json\/wp\/v2\/pages\/183124\/revisions"}],"predecessor-version":[{"id":186122,"href":"https:\/\/staging.thinklucid.com\/de\/wp-json\/wp\/v2\/pages\/183124\/revisions\/186122"}],"wp:attachment":[{"href":"https:\/\/staging.thinklucid.com\/de\/wp-json\/wp\/v2\/media?parent=183124"}],"wp:term":[{"taxonomy":"post_tag","embeddable":true,"href":"https:\/\/staging.thinklucid.com\/de\/wp-json\/wp\/v2\/tags?post=183124"},{"taxonomy":"camera_family","embeddable":true,"href":"https:\/\/staging.thinklucid.com\/de\/wp-json\/wp\/v2\/camera_family?post=183124"}],"curies":[{"name":"wp","href":"https:\/\/api.w.org\/{rel}","templated":true}]}}