{"id":182857,"date":"2024-09-19T17:36:19","date_gmt":"2024-09-20T00:36:19","guid":{"rendered":"https:\/\/thinklucid.com\/3d-projection-picking-system-material-handling\/"},"modified":"2025-09-24T11:01:44","modified_gmt":"2025-09-24T18:01:44","slug":"3d-projection-picking-system-material-handling","status":"publish","type":"page","link":"https:\/\/staging.thinklucid.com\/de\/case-studies\/3d-projection-picking-system-material-handling\/","title":{"rendered":"3D-Projektionssystem revolutioniert die Effizienz im Materialhandling"},"content":{"rendered":"<div class=\"wpb-content-wrapper\"><p>[vc_row css=&#8220;.vc_custom_1726878315039{background-image: url(https:\/\/mlxrlrwirvff.i.optimole.com\/cb:UhP2~57313\/w:auto\/h:auto\/q:75\/https:\/\/staging.thinklucid.com\/wp-content\/uploads\/2024\/09\/AIOI-cover-1.jpg?id=172992) !important;background-position: center !important;background-repeat: no-repeat !important;background-size: cover !important;}&#8220;][vc_column width=&#8220;1\/2&#8243; offset=&#8220;vc_col-lg-6 vc_col-md-6 vc_col-xs-4\/5&#8243;][vc_empty_space height=&#8220;30px&#8220;][vc_custom_heading text=&#8220;FALLSTUDIE&#8220; font_container=&#8220;tag:h1|font_size:70px|text_align:left|color:%23191919&#8243; google_fonts=&#8220;font_family:Exo%3A100%2C100italic%2C200%2C200italic%2C300%2C300italic%2Cregular%2Citalic%2C500%2C500italic%2C600%2C600italic%2C700%2C700italic%2C800%2C800italic%2C900%2C900italic|font_style:300%20light%20regular%3A300%3Anormal&#8220; css=&#8220;.vc_custom_1752736037745{margin-left: 55px !important;}&#8220;][vc_custom_heading text=&#8220;Branche: Lager- und Fertigungsautomatisierung<br \/>\nProdukt: Helios2 Time-of-Flight-Kamera<br \/>\nSDK: Benutzerdefinierte Software mit dem Arena SDK&#8220; font_container=&#8220;tag:h2|font_size:18px|text_align:left|color:%23191919&#8243; google_fonts=&#8220;font_family:Exo%3A100%2C100italic%2C200%2C200italic%2C300%2C300italic%2Cregular%2Citalic%2C500%2C500italic%2C600%2C600italic%2C700%2C700italic%2C800%2C800italic%2C900%2C900italic|font_style:400%20regular%3A400%3Anormal&#8220; css=&#8220;.vc_custom_1751431581863{margin-top: -30px !important;margin-bottom: 230px !important;margin-left: 58px !important;padding-top: 10px !important;padding-right: 10px !important;padding-bottom: 10px !important;padding-left: 10px !important;background-color: #e8e8e8 !important;}&#8220;][\/vc_column][\/vc_row][vc_row][vc_column][vc_raw_html css=&#8220;&#8220;]JTNDb2wlMjBjbGFzcyUzRCUyMmJyZWFkY3J1bWIlMjIlMjBzdHlsZSUzRCUyMnBhZGRpbmctdG9wJTNBMTBweCUyMiUzRSUwQSUyMCUzQ2xpJTNFJTBBJTIwJTIwJTIwJTIwJTIwJTIwJTIwJTIwJTNDYSUyMGhyZWYlM0QlMjIlMkZkZSUyRiUyMiUzRUhvbWUlM0MlMkZhJTNFJTBBJTIwJTIwJTIwJTIwJTIwJTIwJTNDJTJGbGklM0UlMEElMjAlMjAlMjAlMjAlMjAlMjAlM0NsaSUzRSUwQSUyMCUyMCUyMCUyMCUyMCUyMCUyMCUyMCUzQ2ElMjBocmVmJTNEJTIyJTJGZGUlMkZjYXNlLXN0dWRpZXMlMkYlMjIlM0VDYXNlJTIwU3R1ZGllcyUzQyUyRmElM0UlMEElMjAlMjAlMjAlMjAlMjAlMjAlM0MlMkZsaSUzRSUwQSUyMCUyMCUyMCUyMCUyMCUyMCUzQ2xpJTNFJTBBJTIwJTIwJTIwJTIwJTIwJTIwM0QtUHJvamVrdGlvbnNzeXN0ZW0lMjByZXZvbHV0aW9uaWVydCUyMGRpZSUyMEVmZml6aWVueiUyMGltJTIwTWF0ZXJpYWxoYW5kbGluZyUwQSUyMCUyMCUyMCUyMCUyMCUyMCUzQyUyRmxpJTNFJTBBJTIwJTIwJTIwJTIwJTIwJTBBJTIwJTIwJTIwJTIwJTNDJTJGb2wlM0U=[\/vc_raw_html][vc_custom_heading text=&#8220;3D-Projektionssystem revolutioniert die Effizienz im Materialhandling&#8220; font_container=&#8220;tag:h1|text_align:center&#8220; google_fonts=&#8220;font_family:Exo%3A100%2C100italic%2C200%2C200italic%2C300%2C300italic%2Cregular%2Citalic%2C500%2C500italic%2C600%2C600italic%2C700%2C700italic%2C800%2C800italic%2C900%2C900italic|font_style:400%20regular%3A400%3Anormal&#8220; css_animation=&#8220;fadeInRight&#8220; css=&#8220;&#8220;][\/vc_column][\/vc_row][vc_row][vc_column width=&#8220;1\/2&#8243; offset=&#8220;vc_col-lg-4 vc_col-md-4&#8243;][vc_single_image image=&#8220;172704&#8243; img_size=&#8220;full&#8220;][\/vc_column][vc_column width=&#8220;1\/2&#8243; offset=&#8220;vc_col-lg-6 vc_col-md-6&#8243; css=&#8220;.vc_custom_1726786868835{margin-top: 0px !important;}&#8220;][vc_column_text css=&#8220;&#8220;]<\/p>\n<p><strong>Lagerautomatisierung neu gedacht<\/strong><br \/>\nLeistungsstarke Lager- und Logistikzentren stehen kontinuierlich unter Druck, ihre Produktivit\u00e4t und Effizienz zu steigern. Insbesondere beim Umgang mit kritischen G\u00fctern wie Arzneimitteln sind <strong>Pr\u00e4zision, Zuverl\u00e4ssigkeit und Geschwindigkeit<\/strong> entscheidend. Gleichzeitig steigt die Nachfrage nach <strong data-start=\"965\" data-end=\"1023\">intelligenten, nachhaltigen und personalarmen L\u00f6sungen<\/strong>, um eine breite Produktvielfalt exakt zu verwalten und Betriebskosten zu senken.<\/p>\n<p>[\/vc_column_text][\/vc_column][\/vc_row][vc_row][vc_column][vc_custom_heading text=&#8220;Herausforderung&#8220; google_fonts=&#8220;font_family:Exo%3A100%2C100italic%2C200%2C200italic%2C300%2C300italic%2Cregular%2Citalic%2C500%2C500italic%2C600%2C600italic%2C700%2C700italic%2C800%2C800italic%2C900%2C900italic|font_style:400%20regular%3A400%3Anormal&#8220; css=&#8220;&#8220;][\/vc_column][\/vc_row][vc_row css=&#8220;.vc_custom_1726604130193{margin-top: 20px !important;margin-bottom: 25px !important;}&#8220;][vc_column width=&#8220;7\/12&#8243; offset=&#8220;vc_col-lg-7 vc_col-md-7&#8243;][vc_column_text css=&#8220;.vc_custom_1751431216444{margin-bottom: 25px !important;}&#8220;]Die japanische Firma <strong>AIOI Systems Co., Ltd.<\/strong>, ein f\u00fchrender Anbieter von innovativen Logistikl\u00f6sungen, wurde von zahlreichen Unternehmen angesprochen, die vor \u00e4hnlichen Herausforderungen standen:<\/p>\n<ul>\n<li><strong>Platzmangel:<\/strong> Effizientes Materialhandling erfordert kompakte Systeme. Doch mit wachsender Artikelanzahl stiegen Komplexit\u00e4t und Platzbedarf.<\/li>\n<li><strong>Uneinheitliche Verpackungsformate:<\/strong> Nicht standardisierte Lager- und Verpackungseinheiten erschwerten die Automatisierung mit Robotern.<\/li>\n<li><strong>Systemintegration:<\/strong> Die Einbindung in bestehende F\u00f6rdersysteme gestaltete sich technisch aufwendig.<\/li>\n<li><strong>Fehlersicherheit:<\/strong> Um Versandfehler zu vermeiden, waren komplexe Systeme mit mehreren Sensoren und Kameras erforderlich.<\/li>\n<li><strong>Begrenzte Sensortechnologie:<\/strong> Kein 3D-Sensor erf\u00fcllte die geforderte Genauigkeit und Geschwindigkeit.<\/li>\n<li><strong>Kostendruck:<\/strong> Hochpreisige 3D-Sensoren trieben die Systemkosten in die H\u00f6he.<\/li>\n<\/ul>\n<p>[\/vc_column_text][\/vc_column][vc_column width=&#8220;5\/12&#8243; offset=&#8220;vc_col-lg-5 vc_col-md-5&#8243;][vc_single_image image=&#8220;172823&#8243; img_size=&#8220;full&#8220;][vc_custom_heading text=&#8220;Die Effizienz zu wahren und gleichzeitig Platz zu sparen, ist ein zentrales Kriterium bei der Entwicklung automatisierter Logistiksysteme.&#8220; font_container=&#8220;tag:p|font_size:16px|text_align:center|color:%23545454|line_height:20px&#8220; google_fonts=&#8220;font_family:Exo%3A100%2C100italic%2C200%2C200italic%2C300%2C300italic%2Cregular%2Citalic%2C500%2C500italic%2C600%2C600italic%2C700%2C700italic%2C800%2C800italic%2C900%2C900italic|font_style:700%20bold%20italic%3A700%3Aitalic&#8220; css_animation=&#8220;fadeInRight&#8220; css=&#8220;.vc_custom_1751431247343{margin-top: 5px !important;}&#8220;][\/vc_column][\/vc_row][vc_row css=&#8220;.vc_custom_1601492447718{margin-bottom: 25px !important;}&#8220;][vc_column offset=&#8220;vc_col-lg-12 vc_col-md-12&#8243;][vc_custom_heading text=&#8220;L\u00f6sung&#8220; google_fonts=&#8220;font_family:Exo%3A100%2C100italic%2C200%2C200italic%2C300%2C300italic%2Cregular%2Citalic%2C500%2C500italic%2C600%2C600italic%2C700%2C700italic%2C800%2C800italic%2C900%2C900italic|font_style:400%20regular%3A400%3Anormal&#8220; css=&#8220;&#8220;][\/vc_column][vc_column css=&#8220;.vc_custom_1726787561141{margin-top: 0px !important;}&#8220; offset=&#8220;vc_col-lg-12 vc_col-md-12&#8243;][vc_column_text css=&#8220;&#8220;]Bereits 2016 brachte AIOI das weltweit erste <strong>Projection Picking System\u00ae (PPS)<\/strong> auf den Markt \u2013 ein System, das Projektoren sowie Bildverarbeitung und 2D-Sensorik zur Fehlervermeidung kombiniert. Es wurde in der Logistikbranche erfolgreich zur Steuerung von Kommissionier- und Sortierprozessen eingesetzt.<\/p>\n<p>Um steigenden Anforderungen gerecht zu werden, entwickelte AIOI das <strong>3D Projection Picking System\u00ae (3D-PPS)<\/strong> \u2013 mit Integration der <strong>Helios2 3D Time-of-Flight-Kamera<\/strong> von LUCID. AIOI, bekannt f\u00fcr seine Smart Cards mit integriertem RFID und On-Site-Steuerungssysteme, ist weltweit in \u00fcber 70 L\u00e4ndern aktiv. Diese Erfahrung floss direkt in die Entwicklung des neuen 3D-PPS ein.<\/p>\n<p>Das 3D-PPS nutzt Projektoren, um <strong>visuelle Informationen wie Bilder, Videos, Texte, Zahlen und QR-Codes direkt auf Regale, B\u00f6den oder W\u00e4nde<\/strong> zu projizieren \u2013 unabh\u00e4ngig von Layout oder Platzverh\u00e4ltnissen. So werden Prozesse visuell gef\u00fchrt, Missverst\u00e4ndnisse reduziert und falsche Bewegungen mit der ToF-Kamera erkannt.[\/vc_column_text][\/vc_column][\/vc_row][vc_row][vc_column width=&#8220;1\/3&#8243; offset=&#8220;vc_col-lg-4 vc_col-md-4&#8243;][vc_column_text css=&#8220;&#8220;]<\/p>\n<p>Die <strong>Helios2 3D-ToF-Kamera von LUCID<\/strong> war ein zentrales Element zur Erweiterung des Systems. Sie \u00fcberzeugte mit:<\/p>\n<ul>\n<li><strong>\u00dcberragender Leistung:<\/strong> Die Kamera punktete mit hoher Aufl\u00f6sung, Bildrate und Messgenauigkeit \u2013 bei einem ausgezeichneten Preis-Leistungs-Verh\u00e4ltnis.<\/li>\n<\/ul>\n<p>[\/vc_column_text][\/vc_column][vc_column width=&#8220;1\/3&#8243;][vc_single_image image=&#8220;173023&#8243; img_size=&#8220;full&#8220;][vc_custom_heading text=&#8220;Das System automatisiert Lagerprozesse effektiv und liefert visuelle Anweisungen in Echtzeit \u2013 basierend auf den pr\u00e4zisen 3D-Daten der Helios2-Kamera.&#8220; font_container=&#8220;tag:p|font_size:14px|text_align:center|color:%23545454|line_height:20px&#8220; google_fonts=&#8220;font_family:Exo%3A100%2C100italic%2C200%2C200italic%2C300%2C300italic%2Cregular%2Citalic%2C500%2C500italic%2C600%2C600italic%2C700%2C700italic%2C800%2C800italic%2C900%2C900italic|font_style:700%20bold%20italic%3A700%3Aitalic&#8220; css_animation=&#8220;fadeInRight&#8220; css=&#8220;.vc_custom_1751431361626{margin-top: 5px !important;}&#8220;][\/vc_column][vc_column width=&#8220;1\/3&#8243;][vc_single_image image=&#8220;173020&#8243; img_size=&#8220;full&#8220;][vc_custom_heading text=&#8220;AIOI entwickelte eine L\u00f6sung zur verbesserten Fehlererkennung, die Echtzeitdaten f\u00fcr effiziente Entscheidungen durch Mitarbeitende mit unterschiedlichem Qualifikationsniveau bereitstellt.&#8220; font_container=&#8220;tag:p|font_size:14px|text_align:center|color:%23545454|line_height:20px&#8220; google_fonts=&#8220;font_family:Exo%3A100%2C100italic%2C200%2C200italic%2C300%2C300italic%2Cregular%2Citalic%2C500%2C500italic%2C600%2C600italic%2C700%2C700italic%2C800%2C800italic%2C900%2C900italic|font_style:700%20bold%20italic%3A700%3Aitalic&#8220; css_animation=&#8220;fadeInRight&#8220; css=&#8220;.vc_custom_1751431392264{margin-top: 5px !important;}&#8220;][\/vc_column][\/vc_row][vc_row css=&#8220;.vc_custom_1726789920218{margin-top: 18px !important;}&#8220;][vc_column width=&#8220;2\/3&#8243;][vc_column_text css=&#8220;&#8220;]<\/p>\n<ul>\n<li><strong>Robustheit und Zuverl\u00e4ssigkeit:<\/strong> Dank Schutzklasse IP67 ist die Kamera bestens f\u00fcr industrielle Umgebungen geeignet. Ein einj\u00e4hriger Proof-of-Concept best\u00e4tigte die Ausfallsicherheit \u2013 ohne Zwischenf\u00e4lle.<\/li>\n<li><strong>Einfache Integration:<\/strong> Die benutzerfreundliche ArenaView-Oberfl\u00e4che und das SDK erleichterten die Einbindung der Kamera in das Konfigurationstool des PPS erheblich.<\/li>\n<li><strong>Technischer Support:<\/strong> Der Support von LUCID erwies sich als besonders kompetent und reaktionsschnell \u2013 selbst bei komplexen Inbetriebnahmen vor Ort.<\/li>\n<\/ul>\n<p>[\/vc_column_text][\/vc_column][vc_column width=&#8220;1\/3&#8243;][vc_single_image image=&#8220;53289&#8243; img_size=&#8220;full&#8220;][vc_custom_heading text=&#8220;Die IP67-zertifizierte Helios2 Time-of-Flight-Kamera mit dem 3D-ToF-Sensor Sony IMX556PLR erf\u00fcllt die Anforderungen des Systems an Genauigkeit, Geschwindigkeit und Leistung.&#8220; font_container=&#8220;tag:p|font_size:14px|text_align:center|color:%23545454|line_height:20px&#8220; google_fonts=&#8220;font_family:Exo%3A100%2C100italic%2C200%2C200italic%2C300%2C300italic%2Cregular%2Citalic%2C500%2C500italic%2C600%2C600italic%2C700%2C700italic%2C800%2C800italic%2C900%2C900italic|font_style:700%20bold%20italic%3A700%3Aitalic&#8220; css_animation=&#8220;fadeInRight&#8220; css=&#8220;.vc_custom_1751431457150{margin-top: 5px !important;}&#8220;][\/vc_column][\/vc_row][vc_row][vc_column][vc_custom_heading text=&#8220;Fazit&#8220; google_fonts=&#8220;font_family:Exo%3A100%2C100italic%2C200%2C200italic%2C300%2C300italic%2Cregular%2Citalic%2C500%2C500italic%2C600%2C600italic%2C700%2C700italic%2C800%2C800italic%2C900%2C900italic|font_style:400%20regular%3A400%3Anormal&#8220; css=&#8220;&#8220;][vc_column_text css=&#8220;&#8220;]Das 3D Projection Picking System (3D-PPS) hebt Fehlererkennung und Prozesseffizienz auf ein neues Niveau \u2013 durch die Kombination aus anschaulicher visueller Benutzerf\u00fchrung und fortschrittlicher 3D-Sensortechnologie.<\/p>\n<p>Mitarbeitende mit unterschiedlichem Erfahrungsstand k\u00f6nnen dank klarer Projektionsanweisungen gleichm\u00e4\u00dfig und fehlerfrei arbeiten. Die 3D-Time-of-Flight-Kamera erm\u00f6glicht schnelle und pr\u00e4zise Entscheidungen in Echtzeit \u2013 ohne Kompromisse bei der Prozessgeschwindigkeit.<\/p>\n<p>Diese Flexibilit\u00e4t und R\u00fcckmeldung in Echtzeit machen das System zu einem wegweisenden Werkzeug im modernen Materialhandling.[\/vc_column_text][\/vc_column][\/vc_row][vc_row][vc_column css=&#8220;.vc_custom_1616520234601{margin-top: 30px !important;}&#8220;][vc_column_text css=&#8220;&#8220;]<strong>Mehr erfahren:<br \/>\n<\/strong><\/p>\n<p><a style=\"color: #0073aa; text-decoration: none;\" href=\"https:\/\/hello-aioi.com\/en\/\" target=\"_blank\" rel=\"noopener noreferrer\"><strong>AIOI SYSTEMS Co., Ltd.<\/strong><\/a><\/p>\n<p><a style=\"color: #0073aa; text-decoration: none;\" href=\"https:\/\/staging.thinklucid.com\/helios-time-of-flight-tof-camera\/\" target=\"_blank\" rel=\"noopener noreferrer\"><strong>Helios2 3D Time-of-Flight Camera<\/strong><\/a>[\/vc_column_text][\/vc_column][\/vc_row]<\/p>\n<\/div>","protected":false},"excerpt":{"rendered":"<p><strong>3D-Projektions-Picking-System:<\/strong> Das 3D-Projektions-Picking-System (3D-PPS) von AIOI Systems revolutioniert die Fehlererkennung und operative Effizienz durch den Einsatz fortschrittlicher 3D-Sensortechnologie.<\/p>\n","protected":false},"author":1281,"featured_media":174255,"parent":183124,"menu_order":0,"comment_status":"closed","ping_status":"closed","template":"","meta":{"inline_featured_image":false,"footnotes":""},"tags":[1966,1967,2393,1970,1968],"camera_family":[],"class_list":["post-182857","page","type-page","status-publish","has-post-thumbnail","hentry","tag-case-study-de","tag-manufacturing-automation-de","tag-helios2-camera-de","tag-warehouse-de","tag-material-handling-de"],"aioseo_notices":[],"_links":{"self":[{"href":"https:\/\/staging.thinklucid.com\/de\/wp-json\/wp\/v2\/pages\/182857","targetHints":{"allow":["GET"]}}],"collection":[{"href":"https:\/\/staging.thinklucid.com\/de\/wp-json\/wp\/v2\/pages"}],"about":[{"href":"https:\/\/staging.thinklucid.com\/de\/wp-json\/wp\/v2\/types\/page"}],"author":[{"embeddable":true,"href":"https:\/\/staging.thinklucid.com\/de\/wp-json\/wp\/v2\/users\/1281"}],"replies":[{"embeddable":true,"href":"https:\/\/staging.thinklucid.com\/de\/wp-json\/wp\/v2\/comments?post=182857"}],"version-history":[{"count":9,"href":"https:\/\/staging.thinklucid.com\/de\/wp-json\/wp\/v2\/pages\/182857\/revisions"}],"predecessor-version":[{"id":185333,"href":"https:\/\/staging.thinklucid.com\/de\/wp-json\/wp\/v2\/pages\/182857\/revisions\/185333"}],"up":[{"embeddable":true,"href":"https:\/\/staging.thinklucid.com\/de\/wp-json\/wp\/v2\/pages\/183124"}],"wp:featuredmedia":[{"embeddable":true,"href":"https:\/\/staging.thinklucid.com\/de\/wp-json\/wp\/v2\/media\/174255"}],"wp:attachment":[{"href":"https:\/\/staging.thinklucid.com\/de\/wp-json\/wp\/v2\/media?parent=182857"}],"wp:term":[{"taxonomy":"post_tag","embeddable":true,"href":"https:\/\/staging.thinklucid.com\/de\/wp-json\/wp\/v2\/tags?post=182857"},{"taxonomy":"camera_family","embeddable":true,"href":"https:\/\/staging.thinklucid.com\/de\/wp-json\/wp\/v2\/camera_family?post=182857"}],"curies":[{"name":"wp","href":"https:\/\/api.w.org\/{rel}","templated":true}]}}